{"id":6760,"date":"2025-02-13T04:47:57","date_gmt":"2025-02-13T04:47:57","guid":{"rendered":"https:\/\/muonprotection.com\/?post_type=product&#038;p=6760"},"modified":"2025-02-27T10:19:17","modified_gmt":"2025-02-27T10:19:17","slug":"snl-023356","status":"publish","type":"product","link":"https:\/\/muonprotection.com\/tr\/urun\/snl-023356\/","title":{"rendered":"SNL-023356"},"content":{"rendered":"<p>Ergonomik profilli deriden \u00e7ok panelli yap\u0131ya sahip yar\u0131\u015f eldivenleri Avu\u00e7 i\u00e7inde ve d\u00fc\u015fme durumunda en \u00e7ok maruz kalan b\u00f6lgelerde ergonomik deri takviyeler Parmaklarda ve avu\u00e7 i\u00e7inde polimer kar\u0131\u015f\u0131ml\u0131 s\u00fcrg\u00fcler<\/p>\n<p>Hafif ve tekrarlanan darbelere ve a\u015f\u0131nmaya kar\u015f\u0131 dayan\u0131kl\u0131 \u00e7ift yo\u011funluklu polimer yap\u0131ya sahip Dinamik S\u00fcrt\u00fcnme Sistemi koruyucular\u0131<\/p>\n<p>T\u00fcm takviyeler darbeye kar\u015f\u0131 koruma ve optimum a\u015f\u0131nma direncini garanti eder<\/p>\n<p>Polimer korumal\u0131 anatomik man\u015fet, hassas ayar i\u00e7in c\u0131rt c\u0131rtl\u0131 \u00e7ift kapama ile donat\u0131lm\u0131\u015ft\u0131r<\/p>","protected":false},"excerpt":{"rendered":"<p>Ergonomik profilli deriden \u00e7ok panelli yap\u0131ya sahip yar\u0131\u015f eldivenleri Avu\u00e7 i\u00e7inde ve d\u00fc\u015fme durumunda en \u00e7ok maruz kalan b\u00f6lgelerde ergonomik deri takviyeler Parmaklarda ve avu\u00e7 i\u00e7inde polimer kar\u0131\u015f\u0131ml\u0131 s\u00fcrg\u00fcler<\/p>","protected":false},"featured_media":6761,"comment_status":"open","ping_status":"closed","template":"","meta":{"_monsterinsights_skip_tracking":false,"_monsterinsights_sitenote_active":false,"_monsterinsights_sitenote_note":"","_monsterinsights_sitenote_category":0},"product_brand":[],"product_cat":[83],"product_tag":[],"class_list":{"0":"post-6760","1":"product","2":"type-product","3":"status-publish","4":"has-post-thumbnail","6":"product_cat-gloves","8":"first","9":"instock","10":"shipping-taxable","11":"product-type-simple"},"_links":{"self":[{"href":"https:\/\/muonprotection.com\/tr\/wp-json\/wp\/v2\/product\/6760","targetHints":{"allow":["GET"]}}],"collection":[{"href":"https:\/\/muonprotection.com\/tr\/wp-json\/wp\/v2\/product"}],"about":[{"href":"https:\/\/muonprotection.com\/tr\/wp-json\/wp\/v2\/types\/product"}],"replies":[{"embeddable":true,"href":"https:\/\/muonprotection.com\/tr\/wp-json\/wp\/v2\/comments?post=6760"}],"wp:featuredmedia":[{"embeddable":true,"href":"https:\/\/muonprotection.com\/tr\/wp-json\/wp\/v2\/media\/6761"}],"wp:attachment":[{"href":"https:\/\/muonprotection.com\/tr\/wp-json\/wp\/v2\/media?parent=6760"}],"wp:term":[{"taxonomy":"product_brand","embeddable":true,"href":"https:\/\/muonprotection.com\/tr\/wp-json\/wp\/v2\/product_brand?post=6760"},{"taxonomy":"product_cat","embeddable":true,"href":"https:\/\/muonprotection.com\/tr\/wp-json\/wp\/v2\/product_cat?post=6760"},{"taxonomy":"product_tag","embeddable":true,"href":"https:\/\/muonprotection.com\/tr\/wp-json\/wp\/v2\/product_tag?post=6760"}],"curies":[{"name":"wp","href":"https:\/\/api.w.org\/{rel}","templated":true}]}}