{"id":6763,"date":"2025-02-13T04:52:45","date_gmt":"2025-02-13T04:52:45","guid":{"rendered":"https:\/\/muonprotection.com\/?post_type=product&#038;p=6763"},"modified":"2025-02-27T10:19:03","modified_gmt":"2025-02-27T10:19:03","slug":"glove-021387","status":"publish","type":"product","link":"https:\/\/muonprotection.com\/tr\/urun\/glove-021387\/","title":{"rendered":"Eldiven 021387"},"content":{"rendered":"<p>GLOVE 021387 hafif bir \u015fehir eldivenidir. TPU eklem korumas\u0131 ve y\u00fcksek d\u00fczeyde dayan\u0131kl\u0131l\u0131k i\u00e7in sentetik bir avu\u00e7 i\u00e7ine sahip olan bu eldiven ayr\u0131ca dokunmatik ekran uyumlu bir parmak ucuyla donat\u0131lm\u0131\u015ft\u0131r.<\/p>\n<p><strong>Eldiven Yap\u0131s\u0131:<\/strong><\/p>\n<p>- K\u0131sa, hafif eldiven \u015fehir stiliyle tamamlanm\u0131\u015ft\u0131r, i\u015fe gidip gelenler i\u00e7in idealdir.<\/p>\n<p>- Y\u00fcksek d\u00fczeyde darbe korumas\u0131 i\u00e7in stre\u00e7 spandeksle kapl\u0131 TPU mafsal.<\/p>\n<p>- Daha fazla dayan\u0131kl\u0131l\u0131k i\u00e7in sentetik s\u00fcet avu\u00e7 i\u00e7i.<\/p>\n<p>- Daha fazla parmak esnekli\u011fi i\u00e7in arka elde akordeon panel.<\/p>\n<p>- G\u00fcvenli bir uyum i\u00e7in kanca ve halka bilek kapatma.<\/p>\n<p>- \u00dcst\u00fcn kavrama i\u00e7in avu\u00e7 i\u00e7i takviye yamas\u0131.<\/p>\n<p>- Kullan\u0131m kolayl\u0131\u011f\u0131 i\u00e7in ergonomik \u00e7ektirme.<\/p>\n<p><strong>Koruma:<\/strong><\/p>\n<p>&#8211; CE Level 1 EN13594:2015, KP.<\/p>\n<p><strong>Temel \u00d6zellikler:<\/strong><\/p>\n<p>- \u0130\u015faret parma\u011f\u0131nda dokunmatik ekran uyumlu parmak ucu.<\/p>\n<p>- Daha iyi s\u00fcr\u00fcc\u00fc konforu i\u00e7in parmaklarda dolgu.<\/p>\n<p>- Y\u00fcksek d\u00fczeyde nefes alabilirlik ve esneklik i\u00e7in likral\u0131 d\u00f6rt cidar.<\/p>\n<p>- Avrupa yasal mevzuat\u0131na g\u00f6re CE i\u015fareti bu \u00fcr\u00fcn\u00fcn pazarlanmas\u0131 i\u00e7in bir uygunluk \u015fart\u0131d\u0131r.<\/p>","protected":false},"excerpt":{"rendered":"<p>Ergonomik profilli deriden \u00e7ok panelli yap\u0131ya sahip yar\u0131\u015f eldivenleri Avu\u00e7 i\u00e7inde ve d\u00fc\u015fme durumunda en \u00e7ok maruz kalan b\u00f6lgelerde ergonomik deri takviyeler Parmaklarda ve avu\u00e7 i\u00e7inde polimer kar\u0131\u015f\u0131ml\u0131 s\u00fcrg\u00fcler<\/p>","protected":false},"featured_media":6764,"comment_status":"open","ping_status":"closed","template":"","meta":{"_monsterinsights_skip_tracking":false,"_monsterinsights_sitenote_active":false,"_monsterinsights_sitenote_note":"","_monsterinsights_sitenote_category":0},"product_brand":[],"product_cat":[83],"product_tag":[],"class_list":{"0":"post-6763","1":"product","2":"type-product","3":"status-publish","4":"has-post-thumbnail","6":"product_cat-gloves","8":"first","9":"instock","10":"shipping-taxable","11":"product-type-simple"},"_links":{"self":[{"href":"https:\/\/muonprotection.com\/tr\/wp-json\/wp\/v2\/product\/6763","targetHints":{"allow":["GET"]}}],"collection":[{"href":"https:\/\/muonprotection.com\/tr\/wp-json\/wp\/v2\/product"}],"about":[{"href":"https:\/\/muonprotection.com\/tr\/wp-json\/wp\/v2\/types\/product"}],"replies":[{"embeddable":true,"href":"https:\/\/muonprotection.com\/tr\/wp-json\/wp\/v2\/comments?post=6763"}],"wp:featuredmedia":[{"embeddable":true,"href":"https:\/\/muonprotection.com\/tr\/wp-json\/wp\/v2\/media\/6764"}],"wp:attachment":[{"href":"https:\/\/muonprotection.com\/tr\/wp-json\/wp\/v2\/media?parent=6763"}],"wp:term":[{"taxonomy":"product_brand","embeddable":true,"href":"https:\/\/muonprotection.com\/tr\/wp-json\/wp\/v2\/product_brand?post=6763"},{"taxonomy":"product_cat","embeddable":true,"href":"https:\/\/muonprotection.com\/tr\/wp-json\/wp\/v2\/product_cat?post=6763"},{"taxonomy":"product_tag","embeddable":true,"href":"https:\/\/muonprotection.com\/tr\/wp-json\/wp\/v2\/product_tag?post=6763"}],"curies":[{"name":"wp","href":"https:\/\/api.w.org\/{rel}","templated":true}]}}