{"id":6823,"date":"2025-02-24T15:12:12","date_gmt":"2025-02-24T15:12:12","guid":{"rendered":"https:\/\/muonprotection.com\/?post_type=product&#038;p=6823"},"modified":"2025-02-27T10:17:06","modified_gmt":"2025-02-27T10:17:06","slug":"lem-fl-03-flip-up-helmet","status":"publish","type":"product","link":"https:\/\/muonprotection.com\/tr\/urun\/lem-fl-03-flip-up-helmet\/","title":{"rendered":"LEM FL-03 A\u00e7\u0131l\u0131r Kapan\u0131r Kask"},"content":{"rendered":"<p class=\"translation-block\"><strong>Kabuk Malzemesi: <\/strong> <strong>IMAC\u00ae<\/strong> (Impact Modifier Added Compolayer) <strong>Teknolojisi Termoplastik<\/strong> ile y\u00fcksek kaliteli yap\u0131<\/p>\n<p><strong>\u0130\u00e7:<\/strong> darbe korumas\u0131 i\u00e7in g\u00fc\u00e7lendirilmi\u015f \u00e7ok yo\u011funluklu EPS<\/p>\n<p><strong>Beden Aral\u0131\u011f\u0131:<\/strong> XS-XXL aras\u0131nda mevcuttur<\/p>\n<p><strong>Bluetooth Deste\u011fi:<\/strong> Bluetooth hoparl\u00f6r kurulumu i\u00e7in haz\u0131rlanm\u0131\u015ft\u0131r<\/p>\n<p><strong>Sertifikalar:<\/strong> S\u00fcr\u00fcc\u00fc g\u00fcvenli\u011fi i\u00e7in g\u00fcvenlik standartlar\u0131n\u0131 (ECE 22.06, DOT, SG) kar\u015f\u0131lar.<\/p>\n<p><strong>H\u0131zl\u0131 A\u00e7\u0131lan Toka:<\/strong> Q.R.B.S h\u0131zl\u0131 serbest b\u0131rakma tokas\u0131 ar \u00c7ift D halkas\u0131 ile kolay, g\u00fcvenli sabitleme.<\/p>\n<p><strong>Acil Durum Yanak Pedleri:<\/strong> Acil durumlarda g\u00fcvenlik i\u00e7in h\u0131zl\u0131 \u00e7\u0131karma.<\/p>\n<p><strong>Y\u0131kanabilir Tamamlay\u0131c\u0131lar:<\/strong> \u00c7\u0131kar\u0131labilir ve y\u0131kanabilir yanak pedleri, \u00e7ene kay\u0131\u015f\u0131 k\u0131l\u0131f\u0131 ve orta ped.<\/p>\n<p><strong>Premium Viz\u00f6r:<\/strong> UV korumas\u0131 ve bu\u011fu \u00f6nleyici kaplama sa\u011flar.<\/p>\n<p><strong>Spoylerler:<\/strong> Alt ve \u00fcst spoylerler ile r\u00fczgar g\u00fcr\u00fclt\u00fcs\u00fcn\u00fc azalt\u0131r.<\/p>\n<p><strong>\u00c7ift Viz\u00f6r:<\/strong> \u00c7ift viz\u00f6r ile donat\u0131lm\u0131\u015f olup, g\u00fcne\u015f ve parlama korumas\u0131 sa\u011flar.<\/p>","protected":false},"excerpt":{"rendered":"<p class=\"translation-block\"><strong>Kabuk Malzemesi: <\/strong> <strong>IMAC\u00ae<\/strong> (Impact Modifier Added Compolayer) <strong>Teknolojisi Termoplastik<\/strong> ile y\u00fcksek kaliteli yap\u0131<\/p>","protected":false},"featured_media":6826,"comment_status":"open","ping_status":"closed","template":"","meta":{"_monsterinsights_skip_tracking":false,"_monsterinsights_sitenote_active":false,"_monsterinsights_sitenote_note":"","_monsterinsights_sitenote_category":0},"product_brand":[],"product_cat":[84],"product_tag":[],"class_list":{"0":"post-6823","1":"product","2":"type-product","3":"status-publish","4":"has-post-thumbnail","6":"product_cat-helmets","8":"first","9":"instock","10":"shipping-taxable","11":"product-type-simple"},"_links":{"self":[{"href":"https:\/\/muonprotection.com\/tr\/wp-json\/wp\/v2\/product\/6823","targetHints":{"allow":["GET"]}}],"collection":[{"href":"https:\/\/muonprotection.com\/tr\/wp-json\/wp\/v2\/product"}],"about":[{"href":"https:\/\/muonprotection.com\/tr\/wp-json\/wp\/v2\/types\/product"}],"replies":[{"embeddable":true,"href":"https:\/\/muonprotection.com\/tr\/wp-json\/wp\/v2\/comments?post=6823"}],"wp:featuredmedia":[{"embeddable":true,"href":"https:\/\/muonprotection.com\/tr\/wp-json\/wp\/v2\/media\/6826"}],"wp:attachment":[{"href":"https:\/\/muonprotection.com\/tr\/wp-json\/wp\/v2\/media?parent=6823"}],"wp:term":[{"taxonomy":"product_brand","embeddable":true,"href":"https:\/\/muonprotection.com\/tr\/wp-json\/wp\/v2\/product_brand?post=6823"},{"taxonomy":"product_cat","embeddable":true,"href":"https:\/\/muonprotection.com\/tr\/wp-json\/wp\/v2\/product_cat?post=6823"},{"taxonomy":"product_tag","embeddable":true,"href":"https:\/\/muonprotection.com\/tr\/wp-json\/wp\/v2\/product_tag?post=6823"}],"curies":[{"name":"wp","href":"https:\/\/api.w.org\/{rel}","templated":true}]}}