{"id":7021,"date":"2025-12-15T04:23:06","date_gmt":"2025-12-15T01:23:06","guid":{"rendered":"https:\/\/muonprotection.com\/?post_type=product&#038;p=7021"},"modified":"2026-03-21T16:56:09","modified_gmt":"2026-03-21T13:56:09","slug":"mp-259-m-l-l1-back-protection","status":"publish","type":"product","link":"https:\/\/muonprotection.com\/tr\/urun\/mp-259-m-l-l1-back-protection\/","title":{"rendered":"MP-259 M\/L L1 Back Protection"},"content":{"rendered":"<div style=\"display: flex; flex-wrap: wrap; gap: 30px; width: 100%; max-width: 1100px; margin: 0 auto; align-items: flex-start;\">\n<div style=\"flex: 1 1 300px; min-width: 280px; box-sizing: border-box;\">\n<table style=\"width: 100%; border-collapse: collapse; border: none; font-family: sans-serif; margin: 0;\">\n<tbody>\n<tr style=\"border-bottom: 2px solid #ccc;\">\n<th style=\"text-align: right; padding: 12px; width: 45%; font-style: italic; font-size: 1.1em; border: none;\">Model<\/th>\n<td style=\"text-align: left; padding: 12px; font-weight: bold; font-style: italic; font-size: 1.1em; border: none;\">MP-259<\/td>\n<\/tr>\n<tr style=\"background-color: #f2f2f2;\">\n<th style=\"text-align: right; padding: 12px; font-style: italic; border: none;\">A\u011f\u0131rl\u0131k<\/th>\n<td style=\"text-align: left; padding: 12px; border: none;\">Approx. 265 g for M Size<\/td>\n<\/tr>\n<tr>\n<th style=\"text-align: right; padding: 12px; font-style: italic; border: none;\">Dimensions (L\/W\/H):<\/th>\n<td style=\"text-align: left; padding: 12px; border: none;\">Approx. 365\/235\/13 mm<\/td>\n<\/tr>\n<tr style=\"background-color: #f2f2f2;\">\n<th style=\"text-align: right; padding: 12px; font-style: italic; border: none;\" class=\"translation-block\"><strong>Koruma<\/strong><\/th>\n<td style=\"text-align: left; padding: 12px; border: none;\">1 (ortalama de\u011fer 18 kN'nin alt\u0131nda)<\/td>\n<\/tr>\n<tr>\n<th style=\"text-align: right; padding: 12px; font-style: italic; border: none;\">Art\u0131k Kuvvet<\/th>\n<td style=\"text-align: left; padding: 12px; border: none;\">&lt;12 kN (MP-259 Mean Value)<\/td>\n<\/tr>\n<tr style=\"background-color: #f2f2f2;\">\n<th style=\"text-align: right; padding: 12px; font-style: italic; border: none;\">Standart<\/th>\n<td style=\"text-align: left; padding: 12px; border: none;\">EN 1621-2:2014<\/td>\n<\/tr>\n<tr>\n<th style=\"text-align: right; padding: 12px; font-style: italic; border: none;\">Sizes<\/th>\n<td style=\"text-align: left; padding: 12px; border: none;\">M and L (39-42, 42-45)<\/td>\n<\/tr>\n<tr style=\"background-color: #f2f2f2;\">\n<th style=\"text-align: right; padding: 12px; font-style: italic; border: none;\">Renk<\/th>\n<td style=\"text-align: left; padding: 12px; border: none;\">Turuncu<\/td>\n<\/tr>\n<\/tbody>\n<\/table>\n<\/div>\n<div style=\"flex: 1 1 300px; min-width: 280px; box-sizing: border-box; display: flex; justify-content: flex-start; align-items: flex-start;\"><img decoding=\"async\" style=\"max-width: 100%; height: auto; border: none; background: transparent; box-shadow: none; margin: 0; padding: 0;\" src=\"https:\/\/muonprotection.com\/wp-content\/uploads\/2026\/03\/Ekran-Resmi-2026-03-21-16.51.32.png\" alt=\"MP-259 Protection Diagram\" \/><\/div>\n<\/div>\n<p class=\"p1\"><span class=\"s1\">\u2022<\/span> CE certified to EN 1621-2:2014.<\/p>\n<p class=\"p1\"><span class=\"s1\">\u2022<\/span> Y\u00fcksek Dayan\u0131kl\u0131l\u0131k ve Esneklik<span class=\"s1\">\u2022<\/span> The protectors are lightweight<\/p>\n<p class=\"p1\"><span class=\"s1\">\u2022<\/span> Ortam ve \u0131slak ko\u015fullarda Seviye 1<\/p>\n<p class=\"p1\"><span class=\"s1\">\u2022<\/span> Cold Temperature Optional Test, T-<\/p>\n<p class=\"p1\"><span class=\"s1\">\u2022<\/span> M and L Sizes<\/p>\n<p class=\"p1\"><span class=\"s1\">\u2022<\/span> <i>MP-259<\/i> is recomended to full back<\/p>\n<p class=\"p1\"><span class=\"s1\">\u2022<\/span> It has excellent ventilation thanks to its prominent perforated structure.<\/p>\n<p class=\"p2\"><strong>KULLANIM ALANLARI:<\/strong><\/p>\n<p class=\"p1\">The Muon Protector is used as an shock absorber protector in Motorcycle Garments, Military Camouflage and Police Suit.<\/p>\n<p class=\"p2\"><strong>PAKETLEME VE DEPOLAMA:<\/strong><\/p>\n<p class=\"p1\">70 pcs each box (for M Sizes)<\/p>\n<p class=\"p1\">Box Dimensions: 60x35x45 (LxWxH)<\/p>\n<p class=\"p1\">L\u00fctfen kuru yerde saklay\u0131n<\/p>\n<p class=\"p2\"><strong>K\u0130MYASAL KARARLILIK:<\/strong><\/p>\n<p class=\"p1\">The MP-259 has been tested for chemical innocuousness in accordance with EU 2016\/425 on Personal Protective Equipment<\/p>\n<p class=\"p1\">Muon Protection raw materials are supplied from raw materials approved under the REACH Regulation.<\/p>\n<p class=\"p2\"><strong>KULLANIM KO\u015eULLARI:<\/strong><\/p>\n<p class=\"p1\">The protector can be removed and inserted.<\/p>\n<p class=\"p1\">The protectors can be hand-washed up to 30<span class=\"s4\">o<\/span>C, separately.<\/p>\n<p class=\"p1\">The protectors can be also used after a few impacts unless not breaking.<\/p>\n<p class=\"p1\">Condition of use should be dry and clean<\/p>","protected":false},"excerpt":{"rendered":"<p class=\"p1\">With its innovative design and next- generation VE PU foam technology, the MP- 259 provides both protection and excellent thermal comfort while riding. It also offers excellent softness and flexibility, providing users with excellent ergonomics. The MP-259 is a lightweight back protector provide impact protection for Full Back. It has two sizes M and L.<\/p>","protected":false},"featured_media":7109,"comment_status":"open","ping_status":"closed","template":"","meta":{"_monsterinsights_skip_tracking":false,"_monsterinsights_sitenote_active":false,"_monsterinsights_sitenote_note":"","_monsterinsights_sitenote_category":0},"product_brand":[],"product_cat":[85],"product_tag":[],"class_list":{"0":"post-7021","1":"product","2":"type-product","3":"status-publish","4":"has-post-thumbnail","6":"product_cat-protectors","8":"first","9":"instock","10":"shipping-taxable","11":"product-type-simple"},"_links":{"self":[{"href":"https:\/\/muonprotection.com\/tr\/wp-json\/wp\/v2\/product\/7021","targetHints":{"allow":["GET"]}}],"collection":[{"href":"https:\/\/muonprotection.com\/tr\/wp-json\/wp\/v2\/product"}],"about":[{"href":"https:\/\/muonprotection.com\/tr\/wp-json\/wp\/v2\/types\/product"}],"replies":[{"embeddable":true,"href":"https:\/\/muonprotection.com\/tr\/wp-json\/wp\/v2\/comments?post=7021"}],"wp:featuredmedia":[{"embeddable":true,"href":"https:\/\/muonprotection.com\/tr\/wp-json\/wp\/v2\/media\/7109"}],"wp:attachment":[{"href":"https:\/\/muonprotection.com\/tr\/wp-json\/wp\/v2\/media?parent=7021"}],"wp:term":[{"taxonomy":"product_brand","embeddable":true,"href":"https:\/\/muonprotection.com\/tr\/wp-json\/wp\/v2\/product_brand?post=7021"},{"taxonomy":"product_cat","embeddable":true,"href":"https:\/\/muonprotection.com\/tr\/wp-json\/wp\/v2\/product_cat?post=7021"},{"taxonomy":"product_tag","embeddable":true,"href":"https:\/\/muonprotection.com\/tr\/wp-json\/wp\/v2\/product_tag?post=7021"}],"curies":[{"name":"wp","href":"https:\/\/api.w.org\/{rel}","templated":true}]}}