{"id":7033,"date":"2025-12-15T04:31:31","date_gmt":"2025-12-15T01:31:31","guid":{"rendered":"https:\/\/muonprotection.com\/?post_type=product&#038;p=7033"},"modified":"2026-03-21T16:51:08","modified_gmt":"2026-03-21T13:51:08","slug":"mn-253-l2-type-a-side-protection","status":"publish","type":"product","link":"https:\/\/muonprotection.com\/tr\/urun\/mn-253-l2-type-a-side-protection\/","title":{"rendered":"MN-253 L2 Type A Side Protection"},"content":{"rendered":"<div style=\"display: flex; flex-wrap: wrap; gap: 30px; width: 100%; max-width: 1100px; margin: 0 auto; align-items: flex-start;\">\n<div style=\"flex: 1 1 300px; min-width: 280px; box-sizing: border-box;\">\n<table style=\"width: 100%; border-collapse: collapse; border: none; font-family: sans-serif; margin: 0;\">\n<tbody>\n<tr style=\"border-bottom: 2px solid #ccc;\">\n<th style=\"text-align: right; padding: 12px; width: 45%; font-style: italic; font-size: 1.1em; border: none;\">Model<\/th>\n<td style=\"text-align: left; padding: 12px; font-weight: bold; font-style: italic; font-size: 1.1em; border: none;\">MN-253<\/td>\n<\/tr>\n<tr style=\"background-color: #f2f2f2;\">\n<th style=\"text-align: right; padding: 12px; font-style: italic; border: none;\">A\u011f\u0131rl\u0131k<\/th>\n<td style=\"text-align: left; padding: 12px; border: none;\">Approx. 68 g<\/td>\n<\/tr>\n<tr>\n<th style=\"text-align: right; padding: 12px; font-style: italic; border: none;\">Dimensions (L\/W\/H):<\/th>\n<td style=\"text-align: left; padding: 12px; border: none;\">Approx. 190\/135\/12 mm<\/td>\n<\/tr>\n<tr style=\"background-color: #f2f2f2;\">\n<th style=\"text-align: right; padding: 12px; font-style: italic; border: none;\" class=\"translation-block\"><strong>Koruma<\/strong><\/th>\n<td style=\"text-align: left; padding: 12px; border: none;\">2 (ortalama de\u011fer 20 kN'nin alt\u0131nda)<\/td>\n<\/tr>\n<tr>\n<th style=\"text-align: right; padding: 12px; font-style: italic; border: none;\">Art\u0131k Kuvvet<\/th>\n<td style=\"text-align: left; padding: 12px; border: none;\">&lt;13,4 kN (MN-253 Mean Value)<\/td>\n<\/tr>\n<tr style=\"background-color: #f2f2f2;\">\n<th style=\"text-align: right; padding: 12px; font-style: italic; border: none;\">Standart<\/th>\n<td style=\"text-align: left; padding: 12px; border: none;\">EN 1621-1:2012<\/td>\n<\/tr>\n<tr>\n<th style=\"text-align: right; padding: 12px; font-style: italic; border: none;\" class=\"translation-block\"><strong>Koruma Alan\u0131<\/strong><\/th>\n<td style=\"text-align: left; padding: 12px; border: none;\">H Type A<\/td>\n<\/tr>\n<tr style=\"background-color: #f2f2f2;\">\n<th style=\"text-align: right; padding: 12px; font-style: italic; border: none;\">Renk<\/th>\n<td style=\"text-align: left; padding: 12px; border: none;\">Turuncu<\/td>\n<\/tr>\n<\/tbody>\n<\/table>\n<\/div>\n<div style=\"flex: 1 1 300px; min-width: 280px; box-sizing: border-box; display: flex; justify-content: flex-start; align-items: flex-start;\"><img decoding=\"async\" style=\"max-width: 100%; height: auto; border: none; background: transparent; box-shadow: none; margin: 0; padding: 0;\" src=\"https:\/\/muonprotection.com\/wp-content\/uploads\/2026\/03\/sholder.png\" alt=\"MN-253 Protection Diagram\" \/><\/div>\n<\/div>\n<p class=\"p1\"><span class=\"s1\">\u2022<\/span> EN 1621-1:2012'ye g\u00f6re CE sertifikal\u0131<\/p>\n<p class=\"p1\"><span class=\"s1\">\u2022<\/span> Muon Protection has reactive visco elastic core foam technology with impact absorption values:<\/p>\n<p class=\"p1\">Residual force &lt; 20 kN.<\/p>\n<p class=\"p1\"><span class=\"s1\">\u2022<\/span> Y\u00fcksek Dayan\u0131kl\u0131l\u0131k ve Esneklik<\/p>\n<p class=\"p1\"><span class=\"s1\">\u2022<\/span> The protectors are lightweight<\/p>\n<p class=\"p1\"><span class=\"s1\">\u2022<\/span> Ortam ve \u0131slak ko\u015fullarda Seviye 2<\/p>\n<p class=\"p1\"><span class=\"s1\">\u2022<\/span> Cold Temperature Optional Test, T-<\/p>\n<p class=\"p1\"><span class=\"s1\">\u2022<\/span> A tipi teminat<\/p>\n<p class=\"p1\"><span class=\"s1\">\u2022<\/span> <i>MN-253<\/i> is recomended to use hip<\/p>\n<p class=\"p1\"><span class=\"s1\">\u2022<\/span> It has good ventilation thanks to perforated structure.<\/p>\n<p class=\"p2\"><strong>KULLANIM ALANLARI:<\/strong><\/p>\n<p class=\"p1\">The Muon Protector is used as an shock absorber protector in Motorcycle Garments, Military<\/p>\n<p class=\"p1\">Camouflage and Police Suit.<\/p>\n<p class=\"p2\"><strong>PAKETLEME VE DEPOLAMA:<\/strong><\/p>\n<p class=\"p1\">350 pcs each box<\/p>\n<p class=\"p1\">Box Dimensions: 60x35x45 (LxWxH)<\/p>\n<p class=\"p1\">L\u00fctfen kuru yerde saklay\u0131n<\/p>\n<p class=\"p2\"><strong>K\u0130MYASAL KARARLILIK:<\/strong><\/p>\n<p class=\"p1\">The MN-253 has been tested for chemical innocuousness in accordance with EU 2016\/425 on Personal<\/p>\n<p class=\"p1\">Protective Equipment<\/p>\n<p class=\"p1\">Muon Protection raw materials are supplied from raw materials approved under the REACH Regulation.<\/p>\n<p class=\"p2\"><strong>KULLANIM KO\u015eULLARI:<\/strong><\/p>\n<p class=\"p1\">The protector can be removed and inserted.<\/p>\n<p class=\"p1\">The protectors can be hand-washed up to 30<span class=\"s3\">o<\/span>C, separately.<\/p>\n<p class=\"p1\">The protectors can be also used after a few impacts unless not breaking.<\/p>\n<p class=\"p1\">Condition of use should be dry and clean<\/p>","protected":false},"excerpt":{"rendered":"<p class=\"p1\">With its layered design and two-phase morphology PU foam technology, the MN-253 provides both protection and excellent thermal comfort while riding. It also offers good softness and flexibility, providing users with excellent ergonomics. The MN-253 is a lightweight limb protector provide impact protection as Type A coverage for hip area.<\/p>","protected":false},"featured_media":7101,"comment_status":"open","ping_status":"closed","template":"","meta":{"_monsterinsights_skip_tracking":false,"_monsterinsights_sitenote_active":false,"_monsterinsights_sitenote_note":"","_monsterinsights_sitenote_category":0},"product_brand":[],"product_cat":[85],"product_tag":[],"class_list":{"0":"post-7033","1":"product","2":"type-product","3":"status-publish","4":"has-post-thumbnail","6":"product_cat-protectors","8":"first","9":"instock","10":"shipping-taxable","11":"product-type-simple"},"_links":{"self":[{"href":"https:\/\/muonprotection.com\/tr\/wp-json\/wp\/v2\/product\/7033","targetHints":{"allow":["GET"]}}],"collection":[{"href":"https:\/\/muonprotection.com\/tr\/wp-json\/wp\/v2\/product"}],"about":[{"href":"https:\/\/muonprotection.com\/tr\/wp-json\/wp\/v2\/types\/product"}],"replies":[{"embeddable":true,"href":"https:\/\/muonprotection.com\/tr\/wp-json\/wp\/v2\/comments?post=7033"}],"wp:featuredmedia":[{"embeddable":true,"href":"https:\/\/muonprotection.com\/tr\/wp-json\/wp\/v2\/media\/7101"}],"wp:attachment":[{"href":"https:\/\/muonprotection.com\/tr\/wp-json\/wp\/v2\/media?parent=7033"}],"wp:term":[{"taxonomy":"product_brand","embeddable":true,"href":"https:\/\/muonprotection.com\/tr\/wp-json\/wp\/v2\/product_brand?post=7033"},{"taxonomy":"product_cat","embeddable":true,"href":"https:\/\/muonprotection.com\/tr\/wp-json\/wp\/v2\/product_cat?post=7033"},{"taxonomy":"product_tag","embeddable":true,"href":"https:\/\/muonprotection.com\/tr\/wp-json\/wp\/v2\/product_tag?post=7033"}],"curies":[{"name":"wp","href":"https:\/\/api.w.org\/{rel}","templated":true}]}}